{"id":176,"date":"2018-01-10T15:26:57","date_gmt":"2018-01-10T15:26:57","guid":{"rendered":"http:\/\/zemedabatauta.lu.lv\/?page_id=176"},"modified":"2018-01-10T15:37:17","modified_gmt":"2018-01-10T15:37:17","slug":"nodalas","status":"publish","type":"page","link":"https:\/\/zemedabatauta.lu.lv\/index.php\/nodalas\/","title":{"rendered":"Noda\u013cas"},"content":{"rendered":"<p>&nbsp;<\/p>\n<p>Lai las\u012bt\u0101js g\u016btu priek\u0161statu par gr\u0101matas saturu, m\u016bsu m\u0101jas lap\u0101 esam iek\u013c\u0101vu\u0161i da\u017eus gr\u0101matas fragmentus.<\/p>\n<p>&nbsp;<\/p>\n<h3><a href=\"http:\/\/zemedabatauta.lu.lv\/wp-content\/uploads\/2018\/01\/Atmosfera.pdf\" target=\"_blank\" rel=\"noopener\"><span style=\"color: #993300;\">III noda\u013ca. ATMOSF\u0112RA<\/span><\/a><\/h3>\n<p>&nbsp;<\/p>\n<p><a href=\"http:\/\/zemedabatauta.lu.lv\/wp-content\/uploads\/2018\/01\/Atmosfera.pdf\" target=\"_blank\" rel=\"noopener\"><img loading=\"lazy\" decoding=\"async\" class=\"alignnone wp-image-177\" src=\"http:\/\/zemedabatauta.lu.lv\/wp-content\/uploads\/2018\/01\/Atmosfera-1024x732.jpg\" alt=\"\" width=\"500\" height=\"358\" srcset=\"https:\/\/zemedabatauta.lu.lv\/wp-content\/uploads\/2018\/01\/Atmosfera-1024x732.jpg 1024w, https:\/\/zemedabatauta.lu.lv\/wp-content\/uploads\/2018\/01\/Atmosfera-300x214.jpg 300w, https:\/\/zemedabatauta.lu.lv\/wp-content\/uploads\/2018\/01\/Atmosfera-768x549.jpg 768w, https:\/\/zemedabatauta.lu.lv\/wp-content\/uploads\/2018\/01\/Atmosfera.jpg 1037w\" sizes=\"(max-width: 500px) 100vw, 500px\" \/><\/a><\/p>\n<p>&nbsp;<\/p>\n<hr \/>\n<h3><a href=\"http:\/\/zemedabatauta.lu.lv\/wp-content\/uploads\/2018\/01\/Iedzivotaji.pdf\" target=\"_blank\" rel=\"noopener\"><span style=\"color: #993300;\">VI noda\u013ca. IEDZ\u012aVOT\u0100JI UN APDZ\u012aVOJUMS<\/span><\/a><\/h3>\n<p>&nbsp;<\/p>\n<p><a href=\"http:\/\/zemedabatauta.lu.lv\/wp-content\/uploads\/2018\/01\/Iedzivotaji.pdf\" target=\"_blank\" rel=\"noopener\"><img loading=\"lazy\" decoding=\"async\" class=\"alignnone wp-image-180\" src=\"http:\/\/zemedabatauta.lu.lv\/wp-content\/uploads\/2018\/01\/iedzivotaji-1024x768.jpg\" alt=\"\" width=\"500\" height=\"375\" srcset=\"https:\/\/zemedabatauta.lu.lv\/wp-content\/uploads\/2018\/01\/iedzivotaji-1024x768.jpg 1024w, https:\/\/zemedabatauta.lu.lv\/wp-content\/uploads\/2018\/01\/iedzivotaji-300x225.jpg 300w, https:\/\/zemedabatauta.lu.lv\/wp-content\/uploads\/2018\/01\/iedzivotaji-768x576.jpg 768w, https:\/\/zemedabatauta.lu.lv\/wp-content\/uploads\/2018\/01\/iedzivotaji-285x214.jpg 285w, https:\/\/zemedabatauta.lu.lv\/wp-content\/uploads\/2018\/01\/iedzivotaji.jpg 1920w\" sizes=\"(max-width: 500px) 100vw, 500px\" \/><\/a><\/p>\n","protected":false},"excerpt":{"rendered":"<p>&nbsp; Lai las\u012bt\u0101js g\u016btu priek\u0161statu par gr\u0101matas saturu, m\u016bsu m\u0101jas lap\u0101 esam iek\u013c\u0101vu\u0161i da\u017eus gr\u0101matas fragmentus. &nbsp; III noda\u013ca. ATMOSF\u0112RA &nbsp; &nbsp; VI noda\u013ca. IEDZ\u012aVOT\u0100JI UN APDZ\u012aVOJUMS &nbsp;<\/p>\n","protected":false},"author":1,"featured_media":0,"parent":0,"menu_order":0,"comment_status":"closed","ping_status":"closed","template":"","meta":{"footnotes":""},"_links":{"self":[{"href":"https:\/\/zemedabatauta.lu.lv\/index.php\/wp-json\/wp\/v2\/pages\/176"}],"collection":[{"href":"https:\/\/zemedabatauta.lu.lv\/index.php\/wp-json\/wp\/v2\/pages"}],"about":[{"href":"https:\/\/zemedabatauta.lu.lv\/index.php\/wp-json\/wp\/v2\/types\/page"}],"author":[{"embeddable":true,"href":"https:\/\/zemedabatauta.lu.lv\/index.php\/wp-json\/wp\/v2\/users\/1"}],"replies":[{"embeddable":true,"href":"https:\/\/zemedabatauta.lu.lv\/index.php\/wp-json\/wp\/v2\/comments?post=176"}],"version-history":[{"count":8,"href":"https:\/\/zemedabatauta.lu.lv\/index.php\/wp-json\/wp\/v2\/pages\/176\/revisions"}],"predecessor-version":[{"id":189,"href":"https:\/\/zemedabatauta.lu.lv\/index.php\/wp-json\/wp\/v2\/pages\/176\/revisions\/189"}],"wp:attachment":[{"href":"https:\/\/zemedabatauta.lu.lv\/index.php\/wp-json\/wp\/v2\/media?parent=176"}],"curies":[{"name":"wp","href":"https:\/\/api.w.org\/{rel}","templated":true}]}}