{"id":89,"date":"2018-01-08T10:10:58","date_gmt":"2018-01-08T10:10:58","guid":{"rendered":"http:\/\/zemedabatauta.lu.lv\/?page_id=89"},"modified":"2018-01-31T16:15:54","modified_gmt":"2018-01-31T16:15:54","slug":"autoru-kolektivs","status":"publish","type":"page","link":"https:\/\/zemedabatauta.lu.lv\/index.php\/autoru-kolektivs\/","title":{"rendered":"Autoru kolekt\u012bvs"},"content":{"rendered":"<p>&nbsp;<\/p>\n<h3><span style=\"color: #993300;\">I LATVIJAS TERITORIJA<\/span><\/h3>\n<p>P. \u0160\u0137i\u0146\u0137is<\/p>\n<h3><span style=\"color: #993300;\">II \u0122EOLO\u0122ISK\u0100 VIDE UN RESURSI<br \/>\n<\/span><\/h3>\n<p>1. nod. V. Zel\u010ds, \u0122. Stinkulis<br \/>\n2. nod. J. Karu\u0161s<br \/>\n3.1. nod. E. Luk\u0161evi\u010ds, \u0122. Stinkulis<br \/>\n3.2. nod. J. Karu\u0161s<br \/>\n4. nod. V.Zel\u010ds, M.Narti\u0161s<br \/>\n4.1. nod. V. Zel\u010ds, A. Markots, K. Lamsters, M. Narti\u0161s<br \/>\n4.2. nod. N. Stivri\u0146\u0161, M. Kriev\u0101ns<br \/>\n4.3. nod. N. Stivri\u0146\u0161, L. Kalni\u0146a, M. Kriev\u0101ns<br \/>\n5.1. nod. J. Karu\u0161s<br \/>\n5.2. nod. V. Zel\u010ds, A. Markots<br \/>\n5.3. nod. V. Zel\u010ds, M. Narti\u0161s, A. Markots, J. Soms<br \/>\n5.3.1. nod. V. Zel\u010ds, A. Markots, I. Strautnieks<br \/>\n5.3.2. nod. V. Zel\u010ds, K. Lamsters, A. Markots<br \/>\n5.3.3. nod. M. Kriev\u0101ns, M. Narti\u0161s, A. Re\u010ds<br \/>\n5.3.4. nod. M. Narti\u0161s, I. Celi\u0146\u0161, E. Kalinska-Narti\u0161a<br \/>\n5.3.5. nod. J. Soms, V. Zel\u010ds, M. Kriev\u0101ns, I. Strautnieks<br \/>\n5.3.6. nod. J. Soms<br \/>\n5.3.7. nod. J. Lapinskis<br \/>\n5.3.8. nod. A. Kalv\u0101ns<br \/>\n6.1. nod. J. Karu\u0161s<br \/>\n6.2.- 6.4. nod. \u0122. Stinkulis, E. Luk\u0161evi\u010ds<br \/>\n6.6. nod. E. Luk\u0161evi\u010ds<br \/>\n6.7. nod. L. Kalni\u0146a, N. Stivri\u0146\u0161<br \/>\n6.8. nod. V. Zel\u010ds, M. Narti\u0161s<br \/>\n6.9. nod. J. Karu\u0161s, M. Narti\u0161s, A. Re\u010ds<br \/>\n6.10. nod. A. Re\u010ds, M. Narti\u0161s, M. Kriev\u0101ns<br \/>\n6.11. nod. N. Stivri\u0146\u0161<br \/>\n6.12. nod. L. Kalni\u0146a<br \/>\n7.1. nod. J. Soms<br \/>\n7.2. nod. A. Markots, V.Segli\u0146\u0161<br \/>\n7.3. nod. V. Segli\u0146\u0161<br \/>\n7.4.1. nod. A. D\u0113li\u0146a<br \/>\n7.4.2. nod. I. Reti\u0137e, A. D\u0113li\u0146a<br \/>\n7.4.3. nod. A. D\u0113li\u0146a<br \/>\n7.4.4. nod. J. Karu\u0161s, A. D\u0113li\u0146a<br \/>\n7.4.5. nod. A. D\u0113li\u0146a, I. Reti\u0137e<\/p>\n<h3><span style=\"color: #993300;\">III ATMOSF\u0112RA<\/span><\/h3>\n<p>1. nod. L. Kore\u013cska<br \/>\n2. nod. A. Briede, A.Draveniece<br \/>\n3.. nod. A. Briede, L.Kore\u013cska<br \/>\n3.3. nod. A. Briede, L. Kore\u013cska<br \/>\n4. nod. L. Kore\u013cska<br \/>\n5. nod. A. Briede, G. Kalv\u0101ne<br \/>\n6. nod. G. Kalv\u0101ne<br \/>\n7.nod. L.Kore\u013cska<br \/>\n8. nod. Z.Avotniece<br \/>\n9. nod. L. Kore\u013cska<br \/>\n10. nod. M. K\u013cavi\u0146\u0161<br \/>\n11. nod. M. K\u013cavi\u0146\u0161<\/p>\n<h3><span style=\"color: #993300;\">IV VIRSZEMES \u016aDE\u0145I<\/span><\/h3>\n<p>1. nod. I. Latkovska, E. Aps\u012bte<br \/>\n2. nod. E. Aps\u012bte, I. Latkovska<br \/>\n3. nod. E. Aps\u012bte, I.Strautnieks, I. Latkovska<br \/>\n4. nod. E. Aps\u012bte<br \/>\n5. nod. M. K\u013cavi\u0146\u0161<br \/>\n6. nod. E. Aps\u012bte, I. Latkovska<br \/>\n7. nod. J. Aigars, A. Ruskule, K. Veidemane<\/p>\n<h3><span style=\"color: #993300;\">V DZ\u012aV\u012aBAS SF\u0112RA<\/span><\/h3>\n<p>1. nod. O. Nikodemus, A. K\u0101rkli\u0146\u0161, R. Kasparinskis, V. Melecis<br \/>\n2.1. nod. S. R\u016bsi\u0146a, L. Auni\u0146a, L. Kalni\u0146a, B. Laime, M. Laivi\u0146\u0161, D. Ozols, G. Spri\u0146\u0123e, K. Vilks<br \/>\n2.2. nod. S. R\u016bsi\u0146a, K. Vilks<br \/>\n2.3. nod. S. R\u016bsi\u0146a, K. Vilks, G. Spri\u0146\u0123e, B. Laime, M.Laivi\u0146\u0161<br \/>\n2.4. nod. S. R\u016bsi\u0146a<br \/>\n2.5. nod. G. Spri\u0146\u0123e, L. Uzule<br \/>\n2.6. nod. B. Laime<br \/>\n2.7. nod. L. Auni\u0146a<br \/>\n2.8. nod. D. Ozols<br \/>\n2.9. nod. S. R\u016bsi\u0146a<br \/>\n2.10. nod. M. Laivi\u0146\u0161<br \/>\n2.11. nod. S. R\u016bsi\u0146a<br \/>\n2.12. nod. L. Kalni\u0146a, A. Ceri\u0146a<br \/>\n2.13. nod. S. R\u016bsi\u0146a, L. Auni\u0146a, B. Laime, M. Laivi\u0146\u0161, D. Ozols, G. Spri\u0146\u0123e, K. Vilks, L.Kalni\u0146a<br \/>\n3. nod. J. Aigars, A. Ruskule, K. Veidemane<br \/>\n4. nod. A. Ruskule, J. Donis, Z. L\u012bbiete<\/p>\n<h3><span style=\"color: #993300;\">VI IEDZ\u012aVOT\u0100JI UN APDZ\u012aVOJUMS<\/span><\/h3>\n<p>1. nod. P. Egl\u012bte, M. B\u0113rzi\u0146\u0161, E. Aps\u012bte-Beri\u0146a, L. K\u016ble, Z. Kri\u0161j\u0101ne<br \/>\n2. nod. M. B\u0113rzi\u0146\u0161, L. K\u016ble, Z. Kri\u0161j\u0101ne<\/p>\n<h3><span style=\"color: #993300;\">VII SAIMNIEC\u012aBAS \u0122EOGR\u0100FIJA UN LATVIJAS VIETA PASAUL\u0112<\/span><\/h3>\n<p>J. Paiders<\/p>\n<h3><span style=\"color: #993300;\">VIII AINAVAS<\/span><\/h3>\n<p>1. nod. O. Nikodemus<br \/>\n2. nod. O. Nikodemus, I. Vinogradovs<br \/>\n3. nod. O. Nikodemus, G. Br\u016bmelis, Z. Rendenieks<br \/>\n4. nod. O. Nikodemus. I. Vinogradovs. Z. Pen\u0113ze, Z. Rendenieks<br \/>\n5. nod. A. Zari\u0146a, I. Vinogradovs, M. L\u016bkins<\/p>\n<h3><span style=\"color: #993300;\">IX DABAS DAUDZVEID\u012aBAS UN KULT\u016aRV\u0112STURISK\u0100S V\u0112RT\u012aBAS<\/span><\/h3>\n<p>1. nod. O. Nikodemus, G.Br\u016bmelis<br \/>\n2. nod. J. Lejnieks, O. Nikodemus<\/p>\n<h3><span style=\"color: #993300;\">X LATVIJAS ILGTSP\u0112J\u012aGA ATT\u012aST\u012aBA<\/span><\/h3>\n<p>1. nod. J. Za\u013coksnis, M.K\u013cavi\u0146\u0161<br \/>\n2. nod. J. Za\u013coksnis, M.K\u013cavi\u0146\u0161<br \/>\n3. nod. M. K\u013cavi\u0146\u0161, J. Za\u013coksnis<br \/>\n4. nod. M. K\u013cavi\u0146\u0161<br \/>\n5. nod. M. K\u013cavi\u0146\u0161<\/p>\n<p>&nbsp;<\/p>\n<p>LITER\u0100R\u0100 REDAKTORE &#8211; IEVA ZAR\u0100NE<br \/>\nMAKET\u0112T\u0100JA, M\u0100KSLINIECE &#8211; IEVA TILTI\u0145A<\/p>\n","protected":false},"excerpt":{"rendered":"<p>&nbsp; I LATVIJAS TERITORIJA P. \u0160\u0137i\u0146\u0137is II \u0122EOLO\u0122ISK\u0100 VIDE UN RESURSI 1. nod. V. Zel\u010ds, \u0122. Stinkulis 2. nod. J. Karu\u0161s 3.1. nod. E. Luk\u0161evi\u010ds, \u0122. Stinkulis 3.2. nod. J. Karu\u0161s 4. nod. V.Zel\u010ds, M.Narti\u0161s 4.1. nod. V. Zel\u010ds, A. Markots, K. Lamsters, M. Narti\u0161s 4.2. nod. N. Stivri\u0146\u0161, M. Kriev\u0101ns 4.3. nod. N. Stivri\u0146\u0161, <a href=\"https:\/\/zemedabatauta.lu.lv\/index.php\/autoru-kolektivs\/\" rel=\"nofollow\"><span class=\"sr-only\">Read more about Autoru kolekt\u012bvs<\/span>[&hellip;]<\/a><\/p>\n","protected":false},"author":1,"featured_media":0,"parent":0,"menu_order":0,"comment_status":"closed","ping_status":"closed","template":"","meta":{"footnotes":""},"_links":{"self":[{"href":"https:\/\/zemedabatauta.lu.lv\/index.php\/wp-json\/wp\/v2\/pages\/89"}],"collection":[{"href":"https:\/\/zemedabatauta.lu.lv\/index.php\/wp-json\/wp\/v2\/pages"}],"about":[{"href":"https:\/\/zemedabatauta.lu.lv\/index.php\/wp-json\/wp\/v2\/types\/page"}],"author":[{"embeddable":true,"href":"https:\/\/zemedabatauta.lu.lv\/index.php\/wp-json\/wp\/v2\/users\/1"}],"replies":[{"embeddable":true,"href":"https:\/\/zemedabatauta.lu.lv\/index.php\/wp-json\/wp\/v2\/comments?post=89"}],"version-history":[{"count":6,"href":"https:\/\/zemedabatauta.lu.lv\/index.php\/wp-json\/wp\/v2\/pages\/89\/revisions"}],"predecessor-version":[{"id":294,"href":"https:\/\/zemedabatauta.lu.lv\/index.php\/wp-json\/wp\/v2\/pages\/89\/revisions\/294"}],"wp:attachment":[{"href":"https:\/\/zemedabatauta.lu.lv\/index.php\/wp-json\/wp\/v2\/media?parent=89"}],"curies":[{"name":"wp","href":"https:\/\/api.w.org\/{rel}","templated":true}]}}