{"id":97,"date":"2018-01-08T12:16:36","date_gmt":"2018-01-08T12:16:36","guid":{"rendered":"http:\/\/zemedabatauta.lu.lv\/?page_id=97"},"modified":"2018-01-31T16:10:08","modified_gmt":"2018-01-31T16:10:08","slug":"atsauksmes","status":"publish","type":"page","link":"https:\/\/zemedabatauta.lu.lv\/index.php\/atsauksmes\/","title":{"rendered":"Atsauksmes"},"content":{"rendered":"<p><img loading=\"lazy\" decoding=\"async\" class=\"wp-image-287 size-medium alignleft\" src=\"http:\/\/zemedabatauta.lu.lv\/wp-content\/uploads\/2018\/01\/I_Muiznieks2-222x300.jpg\" alt=\"\" width=\"222\" height=\"300\" srcset=\"https:\/\/zemedabatauta.lu.lv\/wp-content\/uploads\/2018\/01\/I_Muiznieks2-222x300.jpg 222w, https:\/\/zemedabatauta.lu.lv\/wp-content\/uploads\/2018\/01\/I_Muiznieks2.jpg 400w\" sizes=\"(max-width: 222px) 100vw, 222px\" \/><\/p>\n<p>&nbsp;<\/p>\n<p>&nbsp;<\/p>\n<p><strong><span style=\"color: #993300;\">Indri\u0137is Mui\u017enieks<\/span><br \/>\n<\/strong><\/p>\n<p><em>Latvijas Universit\u0101tes rektors,<br \/>\nprofesors Dr. habil. biol.<\/em><\/p>\n<style type=\"text\/css\">#AnythingPopup_BoxContainer4\t{width:540px;height:690px;background:#FFFFFF;border:1px solid #4D4D4D;padding:0;position:fixed;z-index:99999;cursor:default;-moz-border-radius: 10px;-webkit-border-radius: 10px;-khtml-border-radius: 10px;border-radius: 10px;   display:none;} #AnythingPopup_BoxContainerHeader4 {height:30px;background:#4D4D4D;border-top-right-radius:10px;-moz-border-radius-topright:10px;-webkit-border-top-right-radius:10px;-khtml-border-top-right-radius: 10px;border-top-left-radius:10px;-moz-border-radius-topleft:10px;-webkit-border-top-left-radius:10px;-khtml-border-top-left-radius: 10px;} #AnythingPopup_BoxContainerHeader4 a {color:#FFFFFF;font-family:Verdana,Arial;font-size:10pt;font-weight:bold;} #AnythingPopup_BoxTitle4 {float:left; margin:5px;color:#FFFFFF;font-family:Verdana,Arial;font-size:12pt;font-weight:bold;} #AnythingPopup_BoxClose4 {float:right;width:50px;margin:5px;} #AnythingPopup_BoxContainerBody4 {margin:15px;overflow:auto;height:630px;} #AnythingPopup_BoxContainerFooter4 {position: fixed;top:0;left:0;bottom:0;right:0;background:#000000;opacity: .3;-moz-opacity: .3;filter: alpha(opacity=30);border:1px solid #4D4D4D;z-index:999;display:none;} <\/style><a href='javascript:AnythingPopup_OpenForm(\"AnythingPopup_BoxContainer4\",\"AnythingPopup_BoxContainerBody4\",\"AnythingPopup_BoxContainerFooter4\",\"540\",\"690\");'>Priek\u0161v\u0101rds<\/a><div style=\"display: none;\" id=\"AnythingPopup_BoxContainer4\"><div id=\"AnythingPopup_BoxContainerHeader4\"><div id=\"AnythingPopup_BoxTitle4\">Priek\u0161v\u0101rds<\/div><div id=\"AnythingPopup_BoxClose4\"><a href=\"javascript:AnythingPopup_HideForm('AnythingPopup_BoxContainer4','AnythingPopup_BoxContainerFooter4');\">Close<\/a><\/div><\/div><div id=\"AnythingPopup_BoxContainerBody4\"><img loading=\"lazy\" decoding=\"async\" class=\"alignnone size-full wp-image-325\" src=\"http:\/\/zemedabatauta.lu.lv\/wp-content\/uploads\/2018\/02\/Prieksvards-I_Muiznieks.jpg\" alt=\"\" width=\"1629\" height=\"1918\" srcset=\"https:\/\/zemedabatauta.lu.lv\/wp-content\/uploads\/2018\/02\/Prieksvards-I_Muiznieks.jpg 1629w, https:\/\/zemedabatauta.lu.lv\/wp-content\/uploads\/2018\/02\/Prieksvards-I_Muiznieks-255x300.jpg 255w, https:\/\/zemedabatauta.lu.lv\/wp-content\/uploads\/2018\/02\/Prieksvards-I_Muiznieks-768x904.jpg 768w, https:\/\/zemedabatauta.lu.lv\/wp-content\/uploads\/2018\/02\/Prieksvards-I_Muiznieks-870x1024.jpg 870w\" sizes=\"(max-width: 1629px) 100vw, 1629px\" \/><\/div><\/div><div style=\"display: none;\" id=\"AnythingPopup_BoxContainerFooter4\"><\/div>\n<p>&nbsp;<br \/>\n&nbsp;<\/p>\n<p>&nbsp;<\/p>\n<hr \/>\n<p><img loading=\"lazy\" decoding=\"async\" class=\"size-medium wp-image-105 alignleft\" src=\"http:\/\/zemedabatauta.lu.lv\/wp-content\/uploads\/2018\/01\/O_Sparitis-222x300.jpg\" alt=\"\" width=\"222\" height=\"300\" srcset=\"https:\/\/zemedabatauta.lu.lv\/wp-content\/uploads\/2018\/01\/O_Sparitis-222x300.jpg 222w, https:\/\/zemedabatauta.lu.lv\/wp-content\/uploads\/2018\/01\/O_Sparitis.jpg 400w\" sizes=\"(max-width: 222px) 100vw, 222px\" \/><\/p>\n<p>&nbsp;<\/p>\n<p>&nbsp;<\/p>\n<p><strong><span style=\"color: #993300;\">Oj\u0101rs Sp\u0101r\u012btis<\/span><br \/>\n<\/strong><\/p>\n<p><em>Latvijas Zin\u0101t\u0146u akad\u0113mijas<br \/>\nprezidents, akad\u0113mi\u0137is<\/em><\/p>\n<style type=\"text\/css\">#AnythingPopup_BoxContainer1\t{width:480px;height:690px;background:#FFFFFF;border:1px solid #4D4D4D;padding:0;position:fixed;z-index:99999;cursor:default;-moz-border-radius: 10px;-webkit-border-radius: 10px;-khtml-border-radius: 10px;border-radius: 10px;   display:none;} #AnythingPopup_BoxContainerHeader1 {height:30px;background:#4D4D4D;border-top-right-radius:10px;-moz-border-radius-topright:10px;-webkit-border-top-right-radius:10px;-khtml-border-top-right-radius: 10px;border-top-left-radius:10px;-moz-border-radius-topleft:10px;-webkit-border-top-left-radius:10px;-khtml-border-top-left-radius: 10px;} #AnythingPopup_BoxContainerHeader1 a {color:#FFFFFF;font-family:Verdana,Arial;font-size:10pt;font-weight:bold;} #AnythingPopup_BoxTitle1 {float:left; margin:5px;color:#FFFFFF;font-family:Verdana,Arial;font-size:12pt;font-weight:bold;} #AnythingPopup_BoxClose1 {float:right;width:50px;margin:5px;} #AnythingPopup_BoxContainerBody1 {margin:15px;overflow:auto;height:630px;} #AnythingPopup_BoxContainerFooter1 {position: fixed;top:0;left:0;bottom:0;right:0;background:#000000;opacity: .3;-moz-opacity: .3;filter: alpha(opacity=30);border:1px solid #4D4D4D;z-index:999;display:none;} <\/style><a href='javascript:AnythingPopup_OpenForm(\"AnythingPopup_BoxContainer1\",\"AnythingPopup_BoxContainerBody1\",\"AnythingPopup_BoxContainerFooter1\",\"480\",\"690\");'>Recenzija<\/a><div style=\"display: none;\" id=\"AnythingPopup_BoxContainer1\"><div id=\"AnythingPopup_BoxContainerHeader1\"><div id=\"AnythingPopup_BoxTitle1\">Recenzija<\/div><div id=\"AnythingPopup_BoxClose1\"><a href=\"javascript:AnythingPopup_HideForm('AnythingPopup_BoxContainer1','AnythingPopup_BoxContainerFooter1');\">Close<\/a><\/div><\/div><div id=\"AnythingPopup_BoxContainerBody1\"><img loading=\"lazy\" decoding=\"async\" class=\"alignnone size-full wp-image-119\" src=\"http:\/\/zemedabatauta.lu.lv\/wp-content\/uploads\/2018\/01\/Recenzija_OS.jpg\" alt=\"\" width=\"466\" height=\"599\" srcset=\"https:\/\/zemedabatauta.lu.lv\/wp-content\/uploads\/2018\/01\/Recenzija_OS.jpg 466w, https:\/\/zemedabatauta.lu.lv\/wp-content\/uploads\/2018\/01\/Recenzija_OS-233x300.jpg 233w\" sizes=\"(max-width: 466px) 100vw, 466px\" \/><\/div><\/div><div style=\"display: none;\" id=\"AnythingPopup_BoxContainerFooter1\"><\/div>\n<p>&nbsp;<\/p>\n<p>&nbsp;<\/p>\n<p>&nbsp;<\/p>\n<hr \/>\n<p><img loading=\"lazy\" decoding=\"async\" class=\"size-medium wp-image-109 alignleft\" src=\"http:\/\/zemedabatauta.lu.lv\/wp-content\/uploads\/2018\/01\/M_Auzins-img-222x300.jpg\" alt=\"\" width=\"222\" height=\"300\" srcset=\"https:\/\/zemedabatauta.lu.lv\/wp-content\/uploads\/2018\/01\/M_Auzins-img-222x300.jpg 222w, https:\/\/zemedabatauta.lu.lv\/wp-content\/uploads\/2018\/01\/M_Auzins-img.jpg 401w\" sizes=\"(max-width: 222px) 100vw, 222px\" \/><\/p>\n<p>&nbsp;<\/p>\n<p>&nbsp;<\/p>\n<p><strong><span style=\"color: #993300;\">M\u0101rcis Auzi\u0146\u0161<\/span><br \/>\n<\/strong><\/p>\n<p><em>Latvijas Universit\u0101tes<br \/>\nprofesors<\/em><\/p>\n<style type=\"text\/css\">#AnythingPopup_BoxContainer2\t{width:480px;height:690px;background:#FFFFFF;border:1px solid #4D4D4D;padding:0;position:fixed;z-index:99999;cursor:default;-moz-border-radius: 10px;-webkit-border-radius: 10px;-khtml-border-radius: 10px;border-radius: 10px;   display:none;} #AnythingPopup_BoxContainerHeader2 {height:30px;background:#4D4D4D;border-top-right-radius:10px;-moz-border-radius-topright:10px;-webkit-border-top-right-radius:10px;-khtml-border-top-right-radius: 10px;border-top-left-radius:10px;-moz-border-radius-topleft:10px;-webkit-border-top-left-radius:10px;-khtml-border-top-left-radius: 10px;} #AnythingPopup_BoxContainerHeader2 a {color:#FFFFFF;font-family:Verdana,Arial;font-size:10pt;font-weight:bold;} #AnythingPopup_BoxTitle2 {float:left; margin:5px;color:#FFFFFF;font-family:Verdana,Arial;font-size:12pt;font-weight:bold;} #AnythingPopup_BoxClose2 {float:right;width:50px;margin:5px;} #AnythingPopup_BoxContainerBody2 {margin:15px;overflow:auto;height:630px;} #AnythingPopup_BoxContainerFooter2 {position: fixed;top:0;left:0;bottom:0;right:0;background:#000000;opacity: .3;-moz-opacity: .3;filter: alpha(opacity=30);border:1px solid #4D4D4D;z-index:999;display:none;} <\/style><a href='javascript:AnythingPopup_OpenForm(\"AnythingPopup_BoxContainer2\",\"AnythingPopup_BoxContainerBody2\",\"AnythingPopup_BoxContainerFooter2\",\"480\",\"690\");'>Recenzija<\/a><div style=\"display: none;\" id=\"AnythingPopup_BoxContainer2\"><div id=\"AnythingPopup_BoxContainerHeader2\"><div id=\"AnythingPopup_BoxTitle2\">Recenzija<\/div><div id=\"AnythingPopup_BoxClose2\"><a href=\"javascript:AnythingPopup_HideForm('AnythingPopup_BoxContainer2','AnythingPopup_BoxContainerFooter2');\">Close<\/a><\/div><\/div><div id=\"AnythingPopup_BoxContainerBody2\"><img loading=\"lazy\" decoding=\"async\" class=\"alignnone size-full wp-image-127\" src=\"http:\/\/zemedabatauta.lu.lv\/wp-content\/uploads\/2018\/01\/Recenzija_MA.jpg\" alt=\"\" width=\"631\" height=\"852\" srcset=\"https:\/\/zemedabatauta.lu.lv\/wp-content\/uploads\/2018\/01\/Recenzija_MA.jpg 631w, https:\/\/zemedabatauta.lu.lv\/wp-content\/uploads\/2018\/01\/Recenzija_MA-222x300.jpg 222w\" sizes=\"(max-width: 631px) 100vw, 631px\" \/><\/div><\/div><div style=\"display: none;\" id=\"AnythingPopup_BoxContainerFooter2\"><\/div>\n<p>&nbsp;<\/p>\n<p>&nbsp;<\/p>\n<p>&nbsp;<\/p>\n<hr \/>\n<p><img loading=\"lazy\" decoding=\"async\" class=\"size-medium wp-image-232 alignleft\" src=\"http:\/\/zemedabatauta.lu.lv\/wp-content\/uploads\/2018\/01\/E_V_Bunkse-222x300.jpg\" alt=\"\" width=\"222\" height=\"300\" srcset=\"https:\/\/zemedabatauta.lu.lv\/wp-content\/uploads\/2018\/01\/E_V_Bunkse-222x300.jpg 222w, https:\/\/zemedabatauta.lu.lv\/wp-content\/uploads\/2018\/01\/E_V_Bunkse.jpg 400w\" sizes=\"(max-width: 222px) 100vw, 222px\" \/><\/p>\n<p>&nbsp;<\/p>\n<p>&nbsp;<\/p>\n<p><strong><span style=\"color: #993300;\">Edmunds Valdem\u0101rs Bunk\u0161e<\/span><br \/>\n<\/strong><\/p>\n<p><em>Latvijas Universit\u0101tes Goda doktors \u0123eogr\u0101fij\u0101,<br \/>\nLatvijas Zin\u0101t\u0146u akad\u0113mijas \u0101rzemju loceklis,<br \/>\nKalifornijas universit\u0101tes kulr\u016br\u0123eogr\u0101fijas emerit\u0113tais profesors<\/em><\/p>\n<style type=\"text\/css\">#AnythingPopup_BoxContainer3\t{width:540px;height:750px;background:#FFFFFF;border:1px solid #4D4D4D;padding:0;position:fixed;z-index:99999;cursor:default;-moz-border-radius: 10px;-webkit-border-radius: 10px;-khtml-border-radius: 10px;border-radius: 10px;   display:none;} #AnythingPopup_BoxContainerHeader3 {height:30px;background:#4D4D4D;border-top-right-radius:10px;-moz-border-radius-topright:10px;-webkit-border-top-right-radius:10px;-khtml-border-top-right-radius: 10px;border-top-left-radius:10px;-moz-border-radius-topleft:10px;-webkit-border-top-left-radius:10px;-khtml-border-top-left-radius: 10px;} #AnythingPopup_BoxContainerHeader3 a {color:#FFFFFF;font-family:Verdana,Arial;font-size:10pt;font-weight:bold;} #AnythingPopup_BoxTitle3 {float:left; margin:5px;color:#FFFFFF;font-family:Verdana,Arial;font-size:12pt;font-weight:bold;} #AnythingPopup_BoxClose3 {float:right;width:50px;margin:5px;} #AnythingPopup_BoxContainerBody3 {margin:15px;overflow:auto;height:690px;} #AnythingPopup_BoxContainerFooter3 {position: fixed;top:0;left:0;bottom:0;right:0;background:#000000;opacity: .3;-moz-opacity: .3;filter: alpha(opacity=30);border:1px solid #4D4D4D;z-index:999;display:none;} <\/style><a href='javascript:AnythingPopup_OpenForm(\"AnythingPopup_BoxContainer3\",\"AnythingPopup_BoxContainerBody3\",\"AnythingPopup_BoxContainerFooter3\",\"540\",\"750\");'>Atsauksme<\/a><div style=\"display: none;\" id=\"AnythingPopup_BoxContainer3\"><div id=\"AnythingPopup_BoxContainerHeader3\"><div id=\"AnythingPopup_BoxTitle3\">Atsauksme<\/div><div id=\"AnythingPopup_BoxClose3\"><a href=\"javascript:AnythingPopup_HideForm('AnythingPopup_BoxContainer3','AnythingPopup_BoxContainerFooter3');\">Close<\/a><\/div><\/div><div id=\"AnythingPopup_BoxContainerBody3\"><img loading=\"lazy\" decoding=\"async\" class=\"alignnone size-full wp-image-242\" src=\"http:\/\/zemedabatauta.lu.lv\/wp-content\/uploads\/2018\/01\/Atsauksme_EVB.jpg\" alt=\"\" width=\"506\" height=\"690\" srcset=\"https:\/\/zemedabatauta.lu.lv\/wp-content\/uploads\/2018\/01\/Atsauksme_EVB.jpg 506w, https:\/\/zemedabatauta.lu.lv\/wp-content\/uploads\/2018\/01\/Atsauksme_EVB-220x300.jpg 220w\" sizes=\"(max-width: 506px) 100vw, 506px\" \/><\/div><\/div><div style=\"display: none;\" id=\"AnythingPopup_BoxContainerFooter3\"><\/div>\n<p>&nbsp;<\/p>\n<p>&nbsp;<\/p>\n<p>&nbsp;<\/p>\n","protected":false},"excerpt":{"rendered":"<p>&nbsp; &nbsp; Indri\u0137is Mui\u017enieks Latvijas Universit\u0101tes rektors, profesors Dr. habil. biol. &nbsp; &nbsp; &nbsp; &nbsp; &nbsp; Oj\u0101rs Sp\u0101r\u012btis Latvijas Zin\u0101t\u0146u akad\u0113mijas prezidents, akad\u0113mi\u0137is &nbsp; &nbsp; &nbsp; &nbsp; &nbsp; M\u0101rcis Auzi\u0146\u0161 Latvijas Universit\u0101tes profesors &nbsp; &nbsp; &nbsp; &nbsp; &nbsp; Edmunds Valdem\u0101rs Bunk\u0161e Latvijas Universit\u0101tes Goda doktors \u0123eogr\u0101fij\u0101, Latvijas Zin\u0101t\u0146u akad\u0113mijas \u0101rzemju loceklis, Kalifornijas universit\u0101tes kulr\u016br\u0123eogr\u0101fijas emerit\u0113tais <a href=\"https:\/\/zemedabatauta.lu.lv\/index.php\/atsauksmes\/\" rel=\"nofollow\"><span class=\"sr-only\">Read more about Atsauksmes<\/span>[&hellip;]<\/a><\/p>\n","protected":false},"author":1,"featured_media":0,"parent":0,"menu_order":0,"comment_status":"closed","ping_status":"closed","template":"","meta":{"footnotes":""},"_links":{"self":[{"href":"https:\/\/zemedabatauta.lu.lv\/index.php\/wp-json\/wp\/v2\/pages\/97"}],"collection":[{"href":"https:\/\/zemedabatauta.lu.lv\/index.php\/wp-json\/wp\/v2\/pages"}],"about":[{"href":"https:\/\/zemedabatauta.lu.lv\/index.php\/wp-json\/wp\/v2\/types\/page"}],"author":[{"embeddable":true,"href":"https:\/\/zemedabatauta.lu.lv\/index.php\/wp-json\/wp\/v2\/users\/1"}],"replies":[{"embeddable":true,"href":"https:\/\/zemedabatauta.lu.lv\/index.php\/wp-json\/wp\/v2\/comments?post=97"}],"version-history":[{"count":31,"href":"https:\/\/zemedabatauta.lu.lv\/index.php\/wp-json\/wp\/v2\/pages\/97\/revisions"}],"predecessor-version":[{"id":292,"href":"https:\/\/zemedabatauta.lu.lv\/index.php\/wp-json\/wp\/v2\/pages\/97\/revisions\/292"}],"wp:attachment":[{"href":"https:\/\/zemedabatauta.lu.lv\/index.php\/wp-json\/wp\/v2\/media?parent=97"}],"curies":[{"name":"wp","href":"https:\/\/api.w.org\/{rel}","templated":true}]}}